{"id":211,"date":"2020-08-24T08:08:54","date_gmt":"2020-08-24T08:08:54","guid":{"rendered":"https:\/\/earndailymz.com\/contact\/"},"modified":"2025-12-01T23:47:38","modified_gmt":"2025-12-01T23:47:38","slug":"contact","status":"publish","type":"page","link":"https:\/\/earndailymz.com\/en\/contact\/","title":{"rendered":"Contact"},"content":{"rendered":"<div data-elementor-type=\"wp-page\" data-elementor-id=\"211\" class=\"elementor elementor-211\" data-elementor-post-type=\"page\">\n\t\t\t\t<div class=\"aux-parallax-section elementor-element elementor-element-c1e7644 e-flex e-con-boxed e-con e-parent\" data-id=\"c1e7644\" data-element_type=\"container\" data-e-type=\"container\" data-settings=\"{&quot;background_background&quot;:&quot;classic&quot;}\">\n\t\t\t\t\t<div class=\"e-con-inner\">\n\t\t<div class=\"elementor-element elementor-element-b28d7c5 e-con-full e-flex e-con e-child\" data-id=\"b28d7c5\" data-element_type=\"container\" data-e-type=\"container\">\n\t\t\t\t<div class=\"elementor-element elementor-element-6db1a47 elementor-widget elementor-widget-aux_breadcrumbs\" data-id=\"6db1a47\" data-element_type=\"widget\" data-e-type=\"widget\" data-widget_type=\"aux_breadcrumbs.default\">\n\t\t\t\t<div class=\"elementor-widget-container\">\n\t\t\t\t\t<div class=\"aux-elementor-breadcrumbs\"><p class=\"aux-breadcrumbs\"><span><a href=\"https:\/\/earndailymz.com\/en\" title=\"Home\">Home<\/a><\/span><\/div>\t\t\t\t<\/div>\n\t\t\t\t<\/div>\n\t\t\t\t<\/div>\n\t\t\t\t\t<\/div>\n\t\t\t\t<\/div>\n\t\t<div class=\"aux-parallax-section elementor-element elementor-element-51d8d19 e-flex e-con-boxed e-con e-parent\" data-id=\"51d8d19\" data-element_type=\"container\" data-e-type=\"container\">\n\t\t\t\t\t<div class=\"e-con-inner\">\n\t\t<div class=\"elementor-element elementor-element-b88ed26 e-con-full e-flex e-con e-child\" data-id=\"b88ed26\" data-element_type=\"container\" data-e-type=\"container\">\n\t\t\t\t<div class=\"elementor-element elementor-element-d80b5a7 elementor-widget elementor-widget-image\" data-id=\"d80b5a7\" data-element_type=\"widget\" data-e-type=\"widget\" data-widget_type=\"image.default\">\n\t\t\t\t<div class=\"elementor-widget-container\">\n\t\t\t\t\t\t\t\t\t\t\t\t\t\t\t<img fetchpriority=\"high\" decoding=\"async\" width=\"890\" height=\"729\" src=\"https:\/\/earndailymz.com\/wp-content\/uploads\/2025\/11\/undraw_personal-email_hfut.svg\" class=\"attachment-large size-large wp-image-450\" alt=\"\" \/>\t\t\t\t\t\t\t\t\t\t\t\t\t\t\t<\/div>\n\t\t\t\t<\/div>\n\t\t\t\t<\/div>\n\t\t<div class=\"elementor-element elementor-element-518118a e-con-full e-flex e-con e-child\" data-id=\"518118a\" data-element_type=\"container\" data-e-type=\"container\">\n\t\t\t\t<div class=\"elementor-element elementor-element-8b27a51 aux-appear-watch-animation aux-fade-in-up-1 elementor-widget elementor-widget-aux_modern_heading\" data-id=\"8b27a51\" data-element_type=\"widget\" data-e-type=\"widget\" data-widget_type=\"aux_modern_heading.default\">\n\t\t\t\t<div class=\"elementor-widget-container\">\n\t\t\t\t\t<section class=\"aux-widget-modern-heading\">\n            <div class=\"aux-widget-inner\"><h4 class=\"aux-modern-heading-primary\">Contact Us<\/h4><h3 class=\"aux-modern-heading-secondary\"><span class=\"aux-head-highlight\">Contact us<\/span><\/h3><div class=\"aux-modern-heading-description\"><p>Do you have any questions or comments? Contact us anytime, we're here to help!<\/p><\/div><\/div>\n        <\/section>\t\t\t\t<\/div>\n\t\t\t\t<\/div>\n\t\t\t\t<div class=\"elementor-element elementor-element-b97b09e aux-appear-watch-animation aux-fade-in-up-1 elementor-widget elementor-widget-aux_contact_form\" data-id=\"b97b09e\" data-element_type=\"widget\" data-e-type=\"widget\" data-widget_type=\"aux_contact_form.default\">\n\t\t\t\t<div class=\"elementor-widget-container\">\n\t\t\t\t\t<section class=\"widget-container aux-widget-contact-form aux-parent-au7d6bb9b8\">            <div class=\"aux-col-wrapper aux-no-gutter\">\n            <!-- @TODO - The output for element here -->\n\n            \n<div class=\"wpcf7 no-js\" id=\"wpcf7-f216-o1\" lang=\"en-US\" dir=\"ltr\" data-wpcf7-id=\"216\">\n<div class=\"screen-reader-response\"><p role=\"status\" aria-live=\"polite\" aria-atomic=\"true\"><\/p> <ul><\/ul><\/div>\n<form action=\"\/en\/wp-json\/wp\/v2\/pages\/211#wpcf7-f216-o1\" method=\"post\" class=\"wpcf7-form init\" aria-label=\"Contact form\" novalidate=\"novalidate\" data-status=\"init\" data-trp-original-action=\"\/en\/wp-json\/wp\/v2\/pages\/211#wpcf7-f216-o1\">\n<fieldset class=\"hidden-fields-container\"><input type=\"hidden\" name=\"_wpcf7\" value=\"216\" \/><input type=\"hidden\" name=\"_wpcf7_version\" value=\"6.1.5\" \/><input type=\"hidden\" name=\"_wpcf7_locale\" value=\"en_US\" \/><input type=\"hidden\" name=\"_wpcf7_unit_tag\" value=\"wpcf7-f216-o1\" \/><input type=\"hidden\" name=\"_wpcf7_container_post\" value=\"0\" \/><input type=\"hidden\" name=\"_wpcf7_posted_data_hash\" value=\"\" \/>\n<\/fieldset>\n<p><span class=\"wpcf7-form-control-wrap\" data-name=\"text-143\"><input size=\"40\" maxlength=\"400\" class=\"wpcf7-form-control wpcf7-text wpcf7-validates-as-required\" aria-required=\"true\" aria-invalid=\"false\" placeholder=\"You Name\" value=\"\" type=\"text\" name=\"text-143\" \/><\/span><br \/>\n<span class=\"wpcf7-form-control-wrap\" data-name=\"email-353\"><input size=\"40\" maxlength=\"400\" class=\"wpcf7-form-control wpcf7-email wpcf7-validates-as-required wpcf7-text wpcf7-validates-as-email\" aria-required=\"true\" aria-invalid=\"false\" placeholder=\"Your Email\" value=\"\" type=\"email\" name=\"email-353\" \/><\/span><br \/>\n<span class=\"wpcf7-form-control-wrap\" data-name=\"textarea-919\"><textarea cols=\"40\" rows=\"10\" maxlength=\"2000\" class=\"wpcf7-form-control wpcf7-textarea wpcf7-validates-as-required\" aria-required=\"true\" aria-invalid=\"false\" placeholder=\"Type your message *\" name=\"textarea-919\"><\/textarea><\/span><br \/>\n<input class=\"wpcf7-form-control wpcf7-submit has-spinner\" type=\"submit\" value=\"Send message\" \/>\n<\/p><div class=\"wpcf7-response-output\" aria-hidden=\"true\"><\/div>\n<input type=\"hidden\" name=\"trp-form-language\" value=\"en\"\/><\/form>\n<\/div>\n\n\n            <\/div><!-- aux-col-wrapper -->\n    <\/section><!-- widget-container -->\t\t\t\t<\/div>\n\t\t\t\t<\/div>\n\t\t\t\t<\/div>\n\t\t\t\t\t<\/div>\n\t\t\t\t<\/div>\n\t\t<div class=\"aux-parallax-section elementor-element elementor-element-fb72520 e-flex e-con-boxed e-con e-parent\" data-id=\"fb72520\" data-element_type=\"container\" data-e-type=\"container\">\n\t\t\t\t\t<div class=\"e-con-inner\">\n\t\t<div class=\"elementor-element elementor-element-ec947f3 e-con-full e-flex e-con e-child\" data-id=\"ec947f3\" data-element_type=\"container\" data-e-type=\"container\">\n\t\t\t\t<div class=\"elementor-element elementor-element-10f0525 elementor-widget elementor-widget-heading\" data-id=\"10f0525\" data-element_type=\"widget\" data-e-type=\"widget\" data-widget_type=\"heading.default\">\n\t\t\t\t<div class=\"elementor-widget-container\">\n\t\t\t\t\t<h4 class=\"elementor-heading-title elementor-size-default\">Do you have any questions? Send us an email.<\/h4>\t\t\t\t<\/div>\n\t\t\t\t<\/div>\n\t\t\t\t<div class=\"elementor-element elementor-element-6c67952 elementor-widget__width-auto aux-appear-watch-animation aux-fade-in-left-2 elementor-widget elementor-widget-aux_text\" data-id=\"6c67952\" data-element_type=\"widget\" data-e-type=\"widget\" data-widget_type=\"aux_text.default\">\n\t\t\t\t<div class=\"elementor-widget-container\">\n\t\t\t\t\t<section class=\"widget-container aux-widget-text aux-parent-au2bc1b9fb\">        <div class=\"aux-widget-advanced-text aux-wrap-style-simple aux-ico-pos-left aux-text-left aux-text-resp- aux-text-color-dark aux-text-widget-bg-center\" >\n        \n                            <div class=\"aux-text-widget-header\"  >\n                        <div class=\"aux-ico-box aux-ico-large aux-ico-clear\">\n                                                                <svg xmlns=\"http:\/\/www.w3.org\/2000\/svg\" width=\"44.743\" height=\"29.603\" viewbox=\"0 0 44.743 29.603\"><g transform=\"translate(-16.687 -28.65)\"><g transform=\"translate(17.037 29)\"><path d=\"M21.166,981.362a4.151,4.151,0,0,0-4.129,4.129v20.645a4.151,4.151,0,0,0,4.129,4.129H56.951a4.151,4.151,0,0,0,4.129-4.129V985.491a4.151,4.151,0,0,0-4.129-4.129Zm0,2.753H56.951a1.344,1.344,0,0,1,1.376,1.376v20.645a1.344,1.344,0,0,1-1.376,1.376H21.166a1.344,1.344,0,0,1-1.376-1.376V985.491A1.344,1.344,0,0,1,21.166,984.115Zm4.667,2.731a1.376,1.376,0,0,0-.817,2.365l6.925,6.882-6.882,6.258a1.378,1.378,0,0,0,1.849,2.043l6.989-6.365,2.086,2.065a4.372,4.372,0,0,0,6.129,0l2.086-2.065,7.011,6.365a1.378,1.378,0,1,0,1.849-2.043l-6.9-6.28,6.946-6.86a1.376,1.376,0,1,0-1.936-1.957L40.156,998.136a1.85,1.85,0,0,1-2.237,0L26.951,987.255a1.376,1.376,0,0,0-1.118-.408Z\" transform=\"translate(-17.037 -981.362)\" stroke=\"#fff\" stroke-width=\"0.7\" \/><\/g><\/g><\/svg>                                                    <\/div>\n                <\/div>\n            \n            <div class=\"aux-text-inner aux-text-widget-content\">\n                                <h4 class=\"col-title\">Our Email<\/h4>\n                                <div class=\"widget-content\">\n                                        <p>support@earndailymz.com<\/p>                <\/div>\n                            <\/div>\n        <\/div>\n                    <div class=\"aux-text-widget-footer\">\n                <div class=\"aux-border-shape-none\">\n                                <\/div>\n            <\/div>\n        \n<\/section><!-- widget-container -->\t\t\t\t<\/div>\n\t\t\t\t<\/div>\n\t\t\t\t<\/div>\n\t\t<div class=\"elementor-element elementor-element-034da7a e-con-full e-flex e-con e-child\" data-id=\"034da7a\" data-element_type=\"container\" data-e-type=\"container\">\n\t\t\t\t<div class=\"elementor-element elementor-element-767f4a5 elementor-widget elementor-widget-image\" data-id=\"767f4a5\" data-element_type=\"widget\" data-e-type=\"widget\" data-widget_type=\"image.default\">\n\t\t\t\t<div class=\"elementor-widget-container\">\n\t\t\t\t\t\t\t\t\t\t\t\t\t\t\t<img decoding=\"async\" width=\"971\" height=\"628\" src=\"https:\/\/earndailymz.com\/wp-content\/uploads\/2025\/11\/undraw_dev-focus_dd7i.svg\" class=\"attachment-large size-large wp-image-439\" alt=\"\" \/>\t\t\t\t\t\t\t\t\t\t\t\t\t\t\t<\/div>\n\t\t\t\t<\/div>\n\t\t\t\t<\/div>\n\t\t\t\t\t<\/div>\n\t\t\t\t<\/div>\n\t\t\t\t<\/div>","protected":false},"excerpt":{"rendered":"<p>Home Contate-nos Entre em contacto connosco Tem d\u00favidas ou coment\u00e1rios? Contacte-nos a qualquer momento, estamos aqui para ajudar! Tem alguma d\u00favida? Envie-nos um e-mail. O nosso e-mail support@earndailymz.com<\/p>","protected":false},"author":1,"featured_media":0,"parent":0,"menu_order":0,"comment_status":"closed","ping_status":"open","template":"templates\/page-builder-content.php","meta":{"footnotes":""},"class_list":["post-211","page","type-page","status-publish","hentry"],"_links":{"self":[{"href":"https:\/\/earndailymz.com\/en\/wp-json\/wp\/v2\/pages\/211","targetHints":{"allow":["GET"]}}],"collection":[{"href":"https:\/\/earndailymz.com\/en\/wp-json\/wp\/v2\/pages"}],"about":[{"href":"https:\/\/earndailymz.com\/en\/wp-json\/wp\/v2\/types\/page"}],"author":[{"embeddable":true,"href":"https:\/\/earndailymz.com\/en\/wp-json\/wp\/v2\/users\/1"}],"replies":[{"embeddable":true,"href":"https:\/\/earndailymz.com\/en\/wp-json\/wp\/v2\/comments?post=211"}],"version-history":[{"count":5,"href":"https:\/\/earndailymz.com\/en\/wp-json\/wp\/v2\/pages\/211\/revisions"}],"predecessor-version":[{"id":971,"href":"https:\/\/earndailymz.com\/en\/wp-json\/wp\/v2\/pages\/211\/revisions\/971"}],"wp:attachment":[{"href":"https:\/\/earndailymz.com\/en\/wp-json\/wp\/v2\/media?parent=211"}],"curies":[{"name":"wp","href":"https:\/\/api.w.org\/{rel}","templated":true}]}}